{"id":17,"date":"2017-12-19T14:17:58","date_gmt":"2017-12-19T14:17:58","guid":{"rendered":"http:\/\/fassbender-sunbird-reisen.de\/?page_id=17"},"modified":"2019-01-07T07:35:55","modified_gmt":"2019-01-07T07:35:55","slug":"oeffnungszeiten","status":"publish","type":"page","link":"http:\/\/fassbender-sunbird-reisen.de\/?page_id=17","title":{"rendered":"\u00d6ffnungszeiten"},"content":{"rendered":"<p>Unser B\u00fcro ist von 9:00 Uhr bis 16:00 ge\u00f6ffnet<\/p>\n","protected":false},"excerpt":{"rendered":"<p>Unser B\u00fcro ist von 9:00 Uhr bis 16:00 ge\u00f6ffnet<\/p>\n","protected":false},"author":1,"featured_media":0,"parent":0,"menu_order":0,"comment_status":"closed","ping_status":"closed","template":"","meta":{"footnotes":""},"class_list":["post-17","page","type-page","status-publish","hentry"],"_links":{"self":[{"href":"http:\/\/fassbender-sunbird-reisen.de\/index.php?rest_route=\/wp\/v2\/pages\/17","targetHints":{"allow":["GET"]}}],"collection":[{"href":"http:\/\/fassbender-sunbird-reisen.de\/index.php?rest_route=\/wp\/v2\/pages"}],"about":[{"href":"http:\/\/fassbender-sunbird-reisen.de\/index.php?rest_route=\/wp\/v2\/types\/page"}],"author":[{"embeddable":true,"href":"http:\/\/fassbender-sunbird-reisen.de\/index.php?rest_route=\/wp\/v2\/users\/1"}],"replies":[{"embeddable":true,"href":"http:\/\/fassbender-sunbird-reisen.de\/index.php?rest_route=%2Fwp%2Fv2%2Fcomments&post=17"}],"version-history":[{"count":6,"href":"http:\/\/fassbender-sunbird-reisen.de\/index.php?rest_route=\/wp\/v2\/pages\/17\/revisions"}],"predecessor-version":[{"id":265,"href":"http:\/\/fassbender-sunbird-reisen.de\/index.php?rest_route=\/wp\/v2\/pages\/17\/revisions\/265"}],"wp:attachment":[{"href":"http:\/\/fassbender-sunbird-reisen.de\/index.php?rest_route=%2Fwp%2Fv2%2Fmedia&parent=17"}],"curies":[{"name":"wp","href":"https:\/\/api.w.org\/{rel}","templated":true}]}}