{"id":2,"date":"2016-05-10T03:48:21","date_gmt":"2016-05-10T03:48:21","guid":{"rendered":"http:\/\/fassbender-sunbird-reisen.de\/?page_id=2"},"modified":"2023-03-06T13:15:06","modified_gmt":"2023-03-06T13:15:06","slug":"sample-page","status":"publish","type":"page","link":"http:\/\/fassbender-sunbird-reisen.de\/","title":{"rendered":"Home"},"content":{"rendered":"<h1>Willkommen!<\/h1>\n<p>Sie &#8211; und wir nat\u00fcrlich auch &#8211; hoffen, da\u00df der n\u00e4chste Urlaub wieder stattfinden<br>kann ! Fa\u00dfbender-Sunbird-Reisen e.K. \u00fcbernimmt auch weiterhin die Fahrten zum Flughafen<br>\u2013 CGN, DUS, FRAPORT &#8211; und zu den umliegenden Bahnh\u00f6fen. Beginnen Sie Ihren Urlaub<br>mit einer stressfreien und komfortablen Anreise ! Gerne holen wir &#8211; Gerda Schulte oder<br>Markus Kl\u00e4ser &#8211; Sie auch wieder ab.<\/p>\n<p><strong>Schauen Sie sich ruhig gerne um<\/strong> \ud83d\ude42<\/p>\n\n\n<figure class=\"wp-block-gallery has-nested-images columns-default is-cropped wp-block-gallery-1 is-layout-flex wp-block-gallery-is-layout-flex\">\n<figure class=\"wp-block-image size-large\"><img loading=\"lazy\" decoding=\"async\" width=\"1024\" height=\"1024\" data-id=\"376\" src=\"http:\/\/fassbender-sunbird-reisen.de\/wp-content\/uploads\/2021\/04\/20210131_065408-1024x1024.jpg\" alt=\"\" class=\"wp-image-376\" srcset=\"http:\/\/fassbender-sunbird-reisen.de\/wp-content\/uploads\/2021\/04\/20210131_065408-1024x1024.jpg 1024w, http:\/\/fassbender-sunbird-reisen.de\/wp-content\/uploads\/2021\/04\/20210131_065408-300x300.jpg 300w, http:\/\/fassbender-sunbird-reisen.de\/wp-content\/uploads\/2021\/04\/20210131_065408-150x150.jpg 150w, http:\/\/fassbender-sunbird-reisen.de\/wp-content\/uploads\/2021\/04\/20210131_065408-768x768.jpg 768w, http:\/\/fassbender-sunbird-reisen.de\/wp-content\/uploads\/2021\/04\/20210131_065408-1536x1536.jpg 1536w, http:\/\/fassbender-sunbird-reisen.de\/wp-content\/uploads\/2021\/04\/20210131_065408-2048x2048.jpg 2048w\" sizes=\"auto, (max-width: 1024px) 100vw, 1024px\" \/><figcaption class=\"wp-element-caption\">Der Flughafen weckt wohl in jedem das Verlangen nach Fernweh&#8230; \ud83d\ude42<\/figcaption><\/figure>\n<\/figure>\n","protected":false},"excerpt":{"rendered":"<p>Willkommen! Sie &#8211; und wir nat\u00fcrlich auch &#8211; hoffen, da\u00df der n\u00e4chste Urlaub wieder stattfindenkann ! Fa\u00dfbender-Sunbird-Reisen e.K. \u00fcbernimmt auch weiterhin die Fahrten zum Flughafen\u2013 CGN, DUS, FRAPORT &#8211; und &#8230;<\/p>\n","protected":false},"author":1,"featured_media":0,"parent":0,"menu_order":0,"comment_status":"closed","ping_status":"open","template":"","meta":{"footnotes":""},"class_list":["post-2","page","type-page","status-publish","hentry"],"_links":{"self":[{"href":"http:\/\/fassbender-sunbird-reisen.de\/index.php?rest_route=\/wp\/v2\/pages\/2","targetHints":{"allow":["GET"]}}],"collection":[{"href":"http:\/\/fassbender-sunbird-reisen.de\/index.php?rest_route=\/wp\/v2\/pages"}],"about":[{"href":"http:\/\/fassbender-sunbird-reisen.de\/index.php?rest_route=\/wp\/v2\/types\/page"}],"author":[{"embeddable":true,"href":"http:\/\/fassbender-sunbird-reisen.de\/index.php?rest_route=\/wp\/v2\/users\/1"}],"replies":[{"embeddable":true,"href":"http:\/\/fassbender-sunbird-reisen.de\/index.php?rest_route=%2Fwp%2Fv2%2Fcomments&post=2"}],"version-history":[{"count":12,"href":"http:\/\/fassbender-sunbird-reisen.de\/index.php?rest_route=\/wp\/v2\/pages\/2\/revisions"}],"predecessor-version":[{"id":442,"href":"http:\/\/fassbender-sunbird-reisen.de\/index.php?rest_route=\/wp\/v2\/pages\/2\/revisions\/442"}],"wp:attachment":[{"href":"http:\/\/fassbender-sunbird-reisen.de\/index.php?rest_route=%2Fwp%2Fv2%2Fmedia&parent=2"}],"curies":[{"name":"wp","href":"https:\/\/api.w.org\/{rel}","templated":true}]}}